{"id":1522,"date":"2024-02-16T10:36:41","date_gmt":"2024-02-16T11:36:41","guid":{"rendered":"https:\/\/burg-hochosterwitz.v4u.at\/?post=product&#038;p=400307"},"modified":"2026-03-02T09:51:00","modified_gmt":"2026-03-02T10:51:00","slug":"400307","status":"publish","type":"product","link":"https:\/\/burg-hochosterwitz.v4u.at\/en\/produkt\/400307\/","title":{"rendered":"Familienkarte mit Lift (2 Erwachsene + 2 Kinder 6\u201315 Jahre)"},"content":{"rendered":"<p>Familienkarte inklusive Liftbenutzung<br \/>\n Die Familienkarte gilt f\u00fcr zwei Erwachsene und zwei Kinder zwischen dem vollendeten 6. und dem 15. Lebensjahr und beinhaltet die Nutzung der Liftanlage f\u00fcr den Auf- und Abstieg.<\/p>\n<p>Die Liftbenutzung ist ausschlie\u00dflich w\u00e4hrend der regul\u00e4ren Betriebs- und \u00d6ffnungszeiten m\u00f6glich. Bitte beachten Sie die aktuellen \u00d6ffnungszeiten auf unserer Website oder im Aushang vor Ort. \u00c4nderungen aufgrund von Witterung, Wartungsarbeiten oder betrieblichen Erfordernissen bleiben vorbehalten.<\/p>\n","protected":false},"excerpt":{"rendered":"<p>Familienkarte inklusive Liftbenutzung f\u00fcr zwei Erwachsene und zwei Kinder zwischen dem vollendeten 6. und dem 15. Lebensjahr<br \/>\nDer Liftbetrieb erfolgt witterungsabh\u00e4ngig. Bei Schlechtwetter, technischen St\u00f6rungen oder aus Sicherheitsgr\u00fcnden kann der Betrieb eingeschr\u00e4nkt oder eingestellt werden.<\/p>\n","protected":false},"featured_media":1653,"template":"","meta":{"inline_featured_image":false,"neve_meta_sidebar":"","neve_meta_container":"","neve_meta_enable_content_width":"off","neve_meta_content_width":70,"neve_meta_title_alignment":"","neve_meta_author_avatar":"","neve_post_elements_order":"","neve_meta_disable_header":"","neve_meta_disable_footer":"","neve_meta_disable_title":"","neve_meta_reading_time":""},"product_cat":[59],"product_tag":[],"_links":{"self":[{"href":"https:\/\/burg-hochosterwitz.v4u.at\/en\/wp-json\/wp\/v2\/product\/1522"}],"collection":[{"href":"https:\/\/burg-hochosterwitz.v4u.at\/en\/wp-json\/wp\/v2\/product"}],"about":[{"href":"https:\/\/burg-hochosterwitz.v4u.at\/en\/wp-json\/wp\/v2\/types\/product"}],"wp:featuredmedia":[{"embeddable":true,"href":"https:\/\/burg-hochosterwitz.v4u.at\/en\/wp-json\/wp\/v2\/media\/1653"}],"wp:attachment":[{"href":"https:\/\/burg-hochosterwitz.v4u.at\/en\/wp-json\/wp\/v2\/media?parent=1522"}],"wp:term":[{"taxonomy":"product_cat","embeddable":true,"href":"https:\/\/burg-hochosterwitz.v4u.at\/en\/wp-json\/wp\/v2\/product_cat?post=1522"},{"taxonomy":"product_tag","embeddable":true,"href":"https:\/\/burg-hochosterwitz.v4u.at\/en\/wp-json\/wp\/v2\/product_tag?post=1522"}],"curies":[{"name":"wp","href":"https:\/\/api.w.org\/{rel}","templated":true}]}}