{"id":3,"date":"2021-06-16T12:10:15","date_gmt":"2021-06-16T10:10:15","guid":{"rendered":"https:\/\/burg-hochosterwitz.v4u.at\/?page_id=3"},"modified":"2024-02-16T12:38:38","modified_gmt":"2024-02-16T11:38:38","slug":"datenschutzerklaerung","status":"publish","type":"page","link":"https:\/\/burg-hochosterwitz.v4u.at\/en\/datenschutzerklaerung\/","title":{"rendered":"Datenschutzerkl\u00e4rung"},"content":{"rendered":"<p>Diese Website wird von der Burg Hochosterwitz, Hochosterwitz 1, 9314 Launsdorf, betrieben. Diese Mitteilung beschreibt, wie Ihre personenbezogenen Daten im Zusammenhang mit dieser Website verarbeitet werden.<\/p><p><strong>1. Welche Daten wir \u00fcber Sie verarbeiten<\/strong><\/p><p>Im Zuge Ihres Besuches dieser Website werden wir folgende Informationen erheben: Das Datum und die Uhrzeit des Aufrufs einer Seite auf unserer Website, Ihre IP-Adresse, Name und Version Ihres Web-Browsers, die Website (URL), die Sie vor dem Aufruf dieser Website besucht haben, bestimmte Cookies (siehe nachfolgende Punkte) und jene personenbezogenen Daten, die Sie selbst durch Ausf\u00fcllen des Kontaktformulars (Angabe von Name und E-Mail Adresse) zur Verf\u00fcgung stellen.<\/p><p><strong>2. Cookies<\/strong><\/p><p>Unsere Website verwendet Cookies. Cookies sind kleine Textdateien, die ein Webserver zu Ihrem Browser sendet, wenn Sie die Website besuchen. Cookies erm\u00f6glichen es, Ihren Browser beim n\u00e4chsten Besuch auf unserer Website wiederzuerkennen und unsere Website f\u00fcr Sie bedienerfreundlicher zu machen.<\/p><p>Beim erstmaligen Zugriff auf unsere Website erscheint ein Banner, in dessen Informationstext Sie dar\u00fcber informiert werden, dass Cookies gesetzt sind und Sie zugleich durch einen Link zu dieser Datenschutzmitteilung \u00fcber die Datenverarbeitung durch Cookies informiert werden. Durch die Nutzung unserer Website, erkl\u00e4ren Sie sich mit der Datenverarbeitung einverstanden.<\/p><p>Die Funktion \u201eHilfe\u201c in der Toolbar der meisten Internetbrowser zeigt Ihnen, wie Sie das Akzeptieren von Cookies stoppen k\u00f6nnen, wie der Browser Sie benachrichtigt, wenn ein neues Cookie gesetzt wird und wie Sie Cookies vollst\u00e4ndig blockieren k\u00f6nnen.<\/p><p>Bitte beachten Sie, dass wenn Sie Cookies blockieren, bestimmte Funktionen der Website nicht mehr abrufbar sind und Sie daran hindern k\u00f6nnte, diese Website vollst\u00e4ndig zu nutzen.<\/p><p><strong>3. (Kontakt-)formulare<\/strong><\/p><p>Wenn Sie mit uns Kontakt via Kontaktformular auf dieser Website aufnehmen, erkl\u00e4ren Sie sich mit der \u00dcbermittlung Ihrer unter Punkt 1 genannten pers\u00f6nlichen Daten und Kontaktaufnahme unsererseits per E-Mail einverstanden. Ihre Daten werden ausschlie\u00dflich zur Kontaktaufnahme verwendet und von uns nicht weitergegeben.<\/p><p><strong>4. Verwendete Tools<\/strong><\/p><p>4.1. Google Analytics<\/p><p>Diese Website benutzt Google Analytics, einen Webanalysedienst der Google Inc. (\u201eGoogle\u201c). Anbieter ist die Google Inc., 1600 Amphitheatre Parkway Mountain View, CA 94043, USA. Google Analytics verwendet Cookies, Textdateien, die auf Ihrem Computer gespeichert werden und eine Analyse Ihrer Nutzung der Website erm\u00f6glichen.<\/p><p>Die durch die Cookies erzeugten Informationen \u00fcber Ihre Nutzung dieser Website (einschlie\u00dflich Ihrer IP-Adresse und der URLs der aufgerufenen Website) werden an Server von Google in die USA \u00fcbertragen und dort gespeichert.<\/p><p>Die Website verwendet die von Google Analytics gebotene M\u00f6glichkeit der IP-Anonymisierung. Ihre IP-Adresse wird daher von Google gek\u00fcrzt\/anonymisiert, sobald Google Ihre IP-Adresse erh\u00e4lt. In unserem Auftrag wird Google diese Informationen verwenden, um Ihre Nutzung der Website auszuwerten, um Reports \u00fcber die Websiteaktivit\u00e4t zusammenzustellen und um weitere mit der Website- und Internetnutzung verbundene Dienstleistungen an uns zu erbringen. Die im Rahmen von Google Analytics von Ihrem Browser \u00fcbermittelte IP-Adresse wird von Google nicht mit anderen Daten zusammengef\u00fchrt.<\/p><p><em><strong>Widerspruch gegen die Datenerfassung durch Google Analytics:<\/strong><\/em><br>Sie k\u00f6nnen das \u00dcbertragen von durch Google-Analytics-Cookies kreierten Daten an Google sowie die Verarbeitung dieser Daten durch Google verhindern, indem Sie das unter dem folgenden Link herunterladbare Plug-in in Ihrem Browser installieren:&nbsp;<a href=\"http:\/\/tools.google.com\/dlpage\/gaoptout?hl+en\"><u>http:\/\/tools.google.com\/dlpage\/gaoptout?hl+en<\/u><\/a><\/p><p>Beachten Sie bitte, dass Sie in diesem Fall den vollen Funktionsumfang der Website m\u00f6glicherweise nicht nutzen k\u00f6nnen.<\/p><p>4.2. Google Maps<\/p><p>Diese Website verwendet Google Maps f\u00fcr die Darstellung von Karteninformationen. Anbieter ist die Google Inc., 1600 Amphitheatre Parkway, Mountain View, CA 94043, USA. Um Ihnen die aufgerufenen Karten anzeigen zu k\u00f6nnen, wird Ihre IP-Adresse von Google erfasst, welche gegebenenfalls von Google an Server in den USA \u00fcbertragen und dort gespeichert wird. Dar\u00fcber hinaus erfasst Google gegebenenfalls Daten \u00fcber Ihre Nutzung von Google Maps. Bitte lesen Sie vor einer Verwendung der Google Maps-Funktion die Datenschutzrichtlinie von Google sorgf\u00e4ltig. Die Datenschutzrichtlinie von Google finden Sie unter https:\/\/www.google.at\/intl\/de\/policies\/privacy\/<\/p><p>Wenn Sie mit der Verarbeitung Ihrer Daten durch Google nicht einverstanden sind, so besteht die M\u00f6glichkeit, den Service von \u201eGoogle Maps\u201c zu deaktivieren und auf diesem Weg die \u00dcbertragung von Daten an Google zu verhindern. Dazu m\u00fcssen Sie die Java-Script-Funktion in Ihrem Browser deaktivieren. Wir weisen Sie jedoch darauf hin, dass Sie in diesem Fall die \u201eGoogle Maps\u201c nicht oder nur eingeschr\u00e4nkt nutzen k\u00f6nnen.<\/p><p>4.3. Google Tag Manager<\/p><p>Wir verwenden auf unserer Website den Google Tag Manager (Google Inc., 1600 Amphitheatre Parkway Mountain View, CA 94043, USA). Dabei handelt es sich um eine L\u00f6sung, mit der wir die sogenannten Website-Tags \u00fcber eine Oberfl\u00e4che verwalten und so z.B. Google Analytics sowie andere Google-Marketing-Dienste in unser Onlineangebot einbinden kann. Es werden jedoch von Ihnen keine personenbezogenen Daten vom Tag Manager selbst (der die Tags implementiert) verarbeitet. Bezugnehmend auf die Verarbeitung Ihrer personenbezogenen Daten verweisen wir auf die folgenden Angaben zu den Google-Diensten. Die Nutzungsrichtlinien f\u00fcr den Google Tag Manager finden Sie unter https:\/\/www.google.com\/intl\/de\/tagmanager\/use-policy.html.<\/p><p><strong>5. Zwecke der Datenverarbeitung<\/strong><\/p><p>Wir werden Ihre personenbezogenen Daten zu folgenden Zwecken verarbeiten:<\/p><ul><li>um Ihnen diese Website zur Verf\u00fcgung zu stellen und um diese Website weiter zu verbessern und zu entwickeln;<\/li>\n\n<li>um Nutzungsstatistiken erstellen zu k\u00f6nnen;<\/li>\n\n<li>um Angriffe auf unsere Website erkennen, verhindern und untersuchen zu k\u00f6nnen;<\/li>\n\n<li>um auf Ihre Anfrage antworten zu k\u00f6nnen und\/oder zur Durchf\u00fchrung vorvertraglicher Ma\u00dfnahmen;<\/li>\n\n<li>um den Werbeauftritt auf unserer Website zu verbessern;<\/li>\n\n<li>um den technischen Support der Nutzer zu verbessern;<\/li>\n\n<li>um auf kosteneffiziente Weise eine leicht zu verwendende Website-Zugriffsstatistik zu erstellen;<\/li>\n\n<li>um Bewerbungen entgegennehmen zu k\u00f6nnen<\/li><\/ul><p><strong>6. Rechtsgrundlage der Verarbeitung<\/strong><\/p><p>Die Verarbeitung Ihrer personenbezogenen Daten (siehe Punkt 1) erfolgt ausschlie\u00dflich auf der Rechtsgrundlage<\/p><ul><li>der Erf\u00fcllung des Vertrages mit Ihnen und\/oder zur Durchf\u00fchrung vorvertraglicher Ma\u00dfnahmen (Art 6 Abs 1 lit b DSGVO);<\/li><\/ul><p>und\/oder<\/p><ul><li>unseres \u00fcberwiegenden berechtigten Interesses, die im Punkt 4 genannten Zwecke zu erreichen (Art 6 Abs 1 lit f DSGVO).<\/li><\/ul><p><strong>7. \u00dcbermittlung Ihrer personenbezogenen Daten<\/strong><\/p><p>Zu den oben genannten Zwecken werden wir Ihre personenbezogenen Daten an folgende Empf\u00e4nger \u00fcbermitteln:<\/p><ul><li>von uns eingesetzte IT-Dienstleister<\/li>\n\n<li>Hosting Provider<\/li>\n\n<li>Google Inc. (durch die angef\u00fchrten Dienste)<\/li>\n\n<li>Facebook Inc.<\/li><\/ul><p>Manche der oben genannten Empf\u00e4nger befinden sich au\u00dferhalb der EU und\/oder verarbeiten dort Ihre personenbezogenen Daten. Das dortige Datenschutzniveau entspricht unter Umst\u00e4nden nicht dem der EU. Wir \u00fcbermitteln Ihre personenbezogenen Daten jedoch nur in solche L\u00e4nder und\/oder an solche Unternehmen, f\u00fcr welche die EU-Kommission entschieden hat, dass diese \u00fcber ein angemessenes Datenschutzniveau verf\u00fcgen, wie beispielsweise an:<\/p><ul><li>Google Inc. (\u201eGoogle\u201c), 1600 Amphitheatre Parkway Mountain View, CA 94043, USA<\/li>\n\n<li>Facebook Ireland Ltd., 4 Grand Canal Square, Grand Canal Harbour, Dublin 2 Ireland<\/li><\/ul><p>Google wie auch Facebook sind als Empf\u00e4nger der Daten nach dem EU-US Privacy Shield Framework zertifiziert. Die \u00dcbermittlung von Daten an Google oder Facebook widerspricht daher nicht der Datenschutzgrundverordnung. N\u00e4here Informationen zum EU-US Privacy Shield Framework finden Sie hier:&nbsp;<a href=\"https:\/\/www.privacyshield.gov\/\"><u>https:\/\/www.privacyshield.gov<\/u><\/a>.<\/p><p><strong>8. Dauer der Speicherung<\/strong><\/p><p>Wir werden Ihre Daten, die durch den Besuch dieser Website von uns verarbeitet werden, grunds\u00e4tzlich f\u00fcr eine Dauer von drei Monaten speichern. Eine l\u00e4ngere Speicherung erfolgt nur, soweit dies erforderlich ist, um festgestellte Angriffe auf unsere Website zu untersuchen.<\/p><p>Wenn Sie Ihre personenbezogenen Daten durch das Ausf\u00fcllen des Kontaktformulars auf unserer Website, an uns \u00fcbermittelt haben, werden wir Ihre Daten jedenfalls so lange speichern, als dies f\u00fcr die Erledigung Ihrer Anfrage geboten erscheint und f\u00fcr gesetzliche Aufbewahrungsfristen und\/oder Verj\u00e4hrungsfristen erforderlich ist.<\/p><p><strong>9. Ihre Rechte<\/strong><\/p><p>Ihnen stehen bei Vorliegen der gesetzlichen Voraussetzungen die Rechte auf Auskunft, Berichtigung, L\u00f6schung, Einschr\u00e4nkung der Verarbeitung und Daten\u00fcbertragbarkeit zu. Sofern Sie der Ansicht sind, dass die Verarbeitung Ihrer personenbezogenen Daten nicht rechtm\u00e4\u00dfig erfolgt, k\u00f6nnen Sie sich bei der Datenschutzbeh\u00f6rde (<a href=\"https:\/\/www.dsb.gv.at\/\"><u>https:\/\/www.dsb.gv.at\/<\/u><\/a>), Wickenburggasse 8, 1080 Wien,&nbsp;<a href=\"mailto:dsb@dsb.gv.at\"><u>dsb@dsb.gv.at<\/u><\/a>&nbsp;beschweren.<\/p><p>Wenn Sie Fragen im Zusammenhang mit dieser Datenschutzerkl\u00e4rung haben oder Ihre darin aufgef\u00fchrten Rechte in Anspruch nehmen m\u00f6chten, wenden Sie sich bitte per Email an (<a href=\"mailto:info@burg-hochosterwitz.com\"><u>info@burg-hochosterwitz.com<\/u><\/a>).<\/p><p><strong>10. Haftungsausschluss<\/strong><\/p><p>Dieser Haftungsausschluss ist als Teil des Internetangebotes zu betrachten, von dem aus auf diese Website&nbsp;verwiesen wurde. Sofern Teile oder einzelne Formulierungen dieses Textes der geltenden Rechtslage nicht, nicht mehr oder nicht vollst\u00e4ndig entsprechen sollten, bleiben die \u00fcbrigen Teile des Dokumentes in ihrem Inhalt und ihrer G\u00fcltigkeit davon unber\u00fchrt.<\/p><p>10.1.&nbsp;Haftung f\u00fcr Inhalte dieser Webseite<\/p><p>Die Inhalte dieser Webseite wurden mit gr\u00f6\u00dftm\u00f6glicher Sorgfalt erstellt. F\u00fcr die Richtigkeit, Vollst\u00e4ndigkeit und Aktualit\u00e4t der Inhalte \u00fcbernehmen wir jedoch keine Gew\u00e4hr. Als Diensteanbieter sind wir f\u00fcr eigene Inhalte auf diesen Seiten nach den allgemeinen Gesetzen verantwortlich. Wir sind jedoch nicht verpflichtet, \u00fcbermittelte oder gespeicherte, fremde Informationen zu \u00fcberwachen oder nach Umst\u00e4nden zu forschen, die auf eine rechtswidrige T\u00e4tigkeit hinweisen. Verpflichtungen zur Entfernung oder Sperrung der Nutzung von Informationen nach den allgemeinen Gesetzen bleiben hiervon unber\u00fchrt. Eine diesbez\u00fcgliche Haftung ist jedoch erst ab dem Zeitpunkt der Kenntnis einer konkreten Rechtsverletzung m\u00f6glich. Bei Bekanntwerden von entsprechenden Rechtsverletzungen werden wir diese Inhalte umgehend entfernen.<\/p><p>10.2. Haftung f\u00fcr Links auf Websites Dritter<\/p><p>Unser Angebot enth\u00e4lt Links zu externen Websites. Auf den Inhalt dieser externen Websites haben wir keinerlei Einfluss. Deshalb k\u00f6nnen wir f\u00fcr diese fremden Inhalte auch keine Gew\u00e4hr \u00fcbernehmen. F\u00fcr die Inhalte der verlinkten Seiten ist stets der jeweilige Anbieter oder Betreiber der Seiten verantwortlich. Die verlinkten Seiten wurden zum Zeitpunkt der Verlinkung auf m\u00f6gliche Rechtsverst\u00f6\u00dfe \u00fcberpr\u00fcft. Rechtswidrige Inhalte waren zum Zeitpunkt der Verlinkung nicht erkennbar. Eine permanente inhaltliche Kontrolle der verlinkten Seiten ist jedoch ohne konkrete Anhaltspunkte einer Rechtsverletzung nicht zumutbar. Bei Bekanntwerden von Rechtsverletzungen werden wir derartige Links umgehend entfernen.<\/p><p>10.3. Urheberrecht<\/p><p>Die Betreiber dieser Webseite&nbsp;sind bem\u00fcht, stets die Urheberrechte anderer zu beachten bzw. auf selbst erstellte sowie lizenzfreie Werke zur\u00fcckzugreifen. Die durch die Seitenbetreiber erstellten Inhalte und Werke auf dieser Website unterliegen dem Urheberrecht. Beitr\u00e4ge Dritter sind als solche gekennzeichnet. Die Vervielf\u00e4ltigung, Bearbeitung, Verbreitung und jede Art der Verwertung au\u00dferhalb der Grenzen des Urheberrechtes bed\u00fcrfen der schriftlichen Zustimmung des jeweiligen Autors bzw. Erstellers. Downloads und Kopien dieser Seite sind nur f\u00fcr den privaten, nicht kommerziellen Gebrauch gestattet.<\/p>","protected":false},"excerpt":{"rendered":"<p>Diese Website wird von der Burg Hochosterwitz, Hochosterwitz 1, 9314 Launsdorf, betrieben. Diese Mitteilung beschreibt, wie Ihre personenbezogenen Daten im Zusammenhang mit dieser Website verarbeitet werden. 1. Welche Daten wir \u00fcber Sie verarbeiten Im Zuge Ihres Besuches dieser Website werden wir folgende Informationen erheben: Das Datum und die Uhrzeit des Aufrufs einer Seite auf unserer&hellip;&nbsp;<a href=\"https:\/\/burg-hochosterwitz.v4u.at\/en\/datenschutzerklaerung\/\" class=\"\" rel=\"bookmark\">Read More &raquo;<span class=\"screen-reader-text\">Datenschutzerkl\u00e4rung<\/span><\/a><\/p>\n","protected":false},"author":1,"featured_media":0,"parent":0,"menu_order":0,"comment_status":"closed","ping_status":"open","template":"","meta":{"inline_featured_image":false,"neve_meta_sidebar":"","neve_meta_container":"","neve_meta_enable_content_width":"","neve_meta_content_width":0,"neve_meta_title_alignment":"","neve_meta_author_avatar":"","neve_post_elements_order":"","neve_meta_disable_header":"","neve_meta_disable_footer":"","neve_meta_disable_title":"","neve_meta_reading_time":"","footnotes":""},"_links":{"self":[{"href":"https:\/\/burg-hochosterwitz.v4u.at\/en\/wp-json\/wp\/v2\/pages\/3"}],"collection":[{"href":"https:\/\/burg-hochosterwitz.v4u.at\/en\/wp-json\/wp\/v2\/pages"}],"about":[{"href":"https:\/\/burg-hochosterwitz.v4u.at\/en\/wp-json\/wp\/v2\/types\/page"}],"author":[{"embeddable":true,"href":"https:\/\/burg-hochosterwitz.v4u.at\/en\/wp-json\/wp\/v2\/users\/1"}],"replies":[{"embeddable":true,"href":"https:\/\/burg-hochosterwitz.v4u.at\/en\/wp-json\/wp\/v2\/comments?post=3"}],"version-history":[{"count":2,"href":"https:\/\/burg-hochosterwitz.v4u.at\/en\/wp-json\/wp\/v2\/pages\/3\/revisions"}],"predecessor-version":[{"id":1544,"href":"https:\/\/burg-hochosterwitz.v4u.at\/en\/wp-json\/wp\/v2\/pages\/3\/revisions\/1544"}],"wp:attachment":[{"href":"https:\/\/burg-hochosterwitz.v4u.at\/en\/wp-json\/wp\/v2\/media?parent=3"}],"curies":[{"name":"wp","href":"https:\/\/api.w.org\/{rel}","templated":true}]}}